{"id":242,"date":"2023-07-25T20:53:47","date_gmt":"2023-07-25T20:53:47","guid":{"rendered":"https:\/\/sanigolf.dsoft.dev\/?page_id=242"},"modified":"2023-08-30T00:24:35","modified_gmt":"2023-08-30T00:24:35","slug":"lavamanosapproach","status":"publish","type":"page","link":"https:\/\/sanigolf.dsoft.dev\/index.php\/lavamanosapproach\/","title":{"rendered":"Lavamanos\u201cApproach\u201d"},"content":{"rendered":"\t\t<div data-elementor-type=\"wp-page\" data-elementor-id=\"242\" class=\"elementor elementor-242\">\n\t\t\t\t\t\t<section class=\"elementor-section elementor-top-section elementor-element elementor-element-ae87145 elementor-section-full_width elementor-section-height-min-height elementor-section-items-top elementor-section-height-default\" data-id=\"ae87145\" data-element_type=\"section\" data-settings=\"{&quot;background_background&quot;:&quot;classic&quot;,&quot;shape_divider_top&quot;:&quot;curve&quot;}\">\n\t\t\t\t\t<div class=\"elementor-shape elementor-shape-top\" data-negative=\"false\">\n\t\t\t<svg xmlns=\"http:\/\/www.w3.org\/2000\/svg\" viewBox=\"0 0 1000 100\" preserveAspectRatio=\"none\">\n    <path class=\"elementor-shape-fill\" d=\"M1000,4.3V0H0v4.3C0.9,23.1,126.7,99.2,500,100S1000,22.7,1000,4.3z\"\/>\n<\/svg>\t\t<\/div>\n\t\t\t\t\t<div class=\"elementor-container elementor-column-gap-default\">\n\t\t\t\t\t<div class=\"elementor-column elementor-col-100 elementor-top-column elementor-element elementor-element-96c3e0a\" data-id=\"96c3e0a\" data-element_type=\"column\">\n\t\t\t<div class=\"elementor-widget-wrap elementor-element-populated\">\n\t\t\t\t\t\t<div class=\"elementor-element elementor-element-deebcad elementor-widget elementor-widget-heading\" data-id=\"deebcad\" data-element_type=\"widget\" data-widget_type=\"heading.default\">\n\t\t\t\t<div class=\"elementor-widget-container\">\n\t\t\t<h2 class=\"elementor-heading-title elementor-size-default\">Sanitario para <br>Discapacitados \u201cDropar\u201d\n<\/h2>\t\t<\/div>\n\t\t\t\t<\/div>\n\t\t\t\t\t<\/div>\n\t\t<\/div>\n\t\t\t\t\t<\/div>\n\t\t<\/section>\n\t\t\t\t<section class=\"elementor-section elementor-top-section elementor-element elementor-element-338e51f elementor-section-boxed elementor-section-height-default elementor-section-height-default\" data-id=\"338e51f\" data-element_type=\"section\">\n\t\t\t\t\t\t<div class=\"elementor-container elementor-column-gap-default\">\n\t\t\t\t\t<div class=\"elementor-column elementor-col-50 elementor-top-column elementor-element elementor-element-5ab8764\" data-id=\"5ab8764\" data-element_type=\"column\">\n\t\t\t<div class=\"elementor-widget-wrap elementor-element-populated\">\n\t\t\t\t\t\t<div class=\"elementor-element elementor-element-72eec68 elementor-widget__width-initial elementor-widget elementor-widget-image\" data-id=\"72eec68\" data-element_type=\"widget\" data-widget_type=\"image.default\">\n\t\t\t\t<div class=\"elementor-widget-container\">\n\t\t\t\t\t\t\t\t\t\t\t\t\t<img fetchpriority=\"high\" decoding=\"async\" width=\"481\" height=\"1000\" src=\"https:\/\/sanigolf.dsoft.dev\/wp-content\/uploads\/2023\/08\/lavam.png\" class=\"attachment-large size-large wp-image-603\" alt=\"\" srcset=\"https:\/\/sanigolf.dsoft.dev\/wp-content\/uploads\/2023\/08\/lavam.png 481w, https:\/\/sanigolf.dsoft.dev\/wp-content\/uploads\/2023\/08\/lavam-144x300.png 144w\" sizes=\"(max-width: 481px) 100vw, 481px\" \/>\t\t\t\t\t\t\t\t\t\t\t\t\t<\/div>\n\t\t\t\t<\/div>\n\t\t\t\t\t<\/div>\n\t\t<\/div>\n\t\t\t\t<div class=\"elementor-column elementor-col-50 elementor-top-column elementor-element elementor-element-c259713\" data-id=\"c259713\" data-element_type=\"column\">\n\t\t\t<div class=\"elementor-widget-wrap elementor-element-populated\">\n\t\t\t\t\t\t<div class=\"elementor-element elementor-element-97cc178 elementor-widget elementor-widget-heading\" data-id=\"97cc178\" data-element_type=\"widget\" data-widget_type=\"heading.default\">\n\t\t\t\t<div class=\"elementor-widget-container\">\n\t\t\t<h2 class=\"elementor-heading-title elementor-size-default\">Caracter\u00edsticas:<\/h2>\t\t<\/div>\n\t\t\t\t<\/div>\n\t\t\t\t<div class=\"elementor-element elementor-element-03427c2 elementor-widget__width-initial elementor-icon-list--layout-traditional elementor-list-item-link-full_width elementor-widget elementor-widget-icon-list\" data-id=\"03427c2\" data-element_type=\"widget\" data-widget_type=\"icon-list.default\">\n\t\t\t\t<div class=\"elementor-widget-container\">\n\t\t\t\t\t<ul class=\"elementor-icon-list-items\">\n\t\t\t\t\t\t\t<li class=\"elementor-icon-list-item\">\n\t\t\t\t\t\t\t\t\t\t\t<span class=\"elementor-icon-list-icon\">\n\t\t\t\t\t\t\t<i aria-hidden=\"true\" class=\"fas fa-check\"><\/i>\t\t\t\t\t\t<\/span>\n\t\t\t\t\t\t\t\t\t\t<span class=\"elementor-icon-list-text\">Fabricada en pl\u00e1stico reforzado con capacidad de 1000 lts.<\/span>\n\t\t\t\t\t\t\t\t\t<\/li>\n\t\t\t\t\t\t<\/ul>\n\t\t\t\t<\/div>\n\t\t\t\t<\/div>\n\t\t\t\t<section class=\"elementor-section elementor-inner-section elementor-element elementor-element-2d245bb elementor-section-full_width elementor-section-height-default elementor-section-height-default\" data-id=\"2d245bb\" data-element_type=\"section\">\n\t\t\t\t\t\t<div class=\"elementor-container elementor-column-gap-default\">\n\t\t\t\t\t<div class=\"elementor-column elementor-col-50 elementor-inner-column elementor-element elementor-element-9ad37b1\" data-id=\"9ad37b1\" data-element_type=\"column\">\n\t\t\t<div class=\"elementor-widget-wrap elementor-element-populated\">\n\t\t\t\t\t\t<div class=\"elementor-element elementor-element-8aa5fd4 elementor-widget__width-initial elementor-widget elementor-widget-image\" data-id=\"8aa5fd4\" data-element_type=\"widget\" data-widget_type=\"image.default\">\n\t\t\t\t<div class=\"elementor-widget-container\">\n\t\t\t\t\t\t\t\t\t\t\t\t\t<img decoding=\"async\" width=\"512\" height=\"512\" src=\"https:\/\/sanigolf.dsoft.dev\/wp-content\/uploads\/2023\/07\/lavarse-las-manos.png\" class=\"attachment-large size-large wp-image-184\" alt=\"\" srcset=\"https:\/\/sanigolf.dsoft.dev\/wp-content\/uploads\/2023\/07\/lavarse-las-manos.png 512w, https:\/\/sanigolf.dsoft.dev\/wp-content\/uploads\/2023\/07\/lavarse-las-manos-300x300.png 300w, https:\/\/sanigolf.dsoft.dev\/wp-content\/uploads\/2023\/07\/lavarse-las-manos-150x150.png 150w\" sizes=\"(max-width: 512px) 100vw, 512px\" \/>\t\t\t\t\t\t\t\t\t\t\t\t\t<\/div>\n\t\t\t\t<\/div>\n\t\t\t\t<div class=\"elementor-element elementor-element-f1c9c9f elementor-widget__width-initial elementor-widget elementor-widget-heading\" data-id=\"f1c9c9f\" data-element_type=\"widget\" data-widget_type=\"heading.default\">\n\t\t\t\t<div class=\"elementor-widget-container\">\n\t\t\t<h2 class=\"elementor-heading-title elementor-size-default\"> 4 Lavamanos\n<\/h2>\t\t<\/div>\n\t\t\t\t<\/div>\n\t\t\t\t\t<\/div>\n\t\t<\/div>\n\t\t\t\t<div class=\"elementor-column elementor-col-50 elementor-inner-column elementor-element elementor-element-e57fcde\" data-id=\"e57fcde\" data-element_type=\"column\">\n\t\t\t<div class=\"elementor-widget-wrap elementor-element-populated\">\n\t\t\t\t\t\t<div class=\"elementor-element elementor-element-45f7d47 elementor-widget__width-initial elementor-widget elementor-widget-image\" data-id=\"45f7d47\" data-element_type=\"widget\" data-widget_type=\"image.default\">\n\t\t\t\t<div class=\"elementor-widget-container\">\n\t\t\t\t\t\t\t\t\t\t\t\t\t<img decoding=\"async\" width=\"512\" height=\"512\" src=\"https:\/\/sanigolf.dsoft.dev\/wp-content\/uploads\/2023\/07\/lavarse-las-manos-azul.png\" class=\"attachment-large size-large wp-image-185\" alt=\"\" srcset=\"https:\/\/sanigolf.dsoft.dev\/wp-content\/uploads\/2023\/07\/lavarse-las-manos-azul.png 512w, https:\/\/sanigolf.dsoft.dev\/wp-content\/uploads\/2023\/07\/lavarse-las-manos-azul-300x300.png 300w, https:\/\/sanigolf.dsoft.dev\/wp-content\/uploads\/2023\/07\/lavarse-las-manos-azul-150x150.png 150w\" sizes=\"(max-width: 512px) 100vw, 512px\" \/>\t\t\t\t\t\t\t\t\t\t\t\t\t<\/div>\n\t\t\t\t<\/div>\n\t\t\t\t<div class=\"elementor-element elementor-element-74ed05a elementor-widget__width-initial elementor-widget elementor-widget-heading\" data-id=\"74ed05a\" data-element_type=\"widget\" data-widget_type=\"heading.default\">\n\t\t\t\t<div class=\"elementor-widget-container\">\n\t\t\t<h2 class=\"elementor-heading-title elementor-size-default\">Servilletas\n<\/h2>\t\t<\/div>\n\t\t\t\t<\/div>\n\t\t\t\t\t<\/div>\n\t\t<\/div>\n\t\t\t\t\t<\/div>\n\t\t<\/section>\n\t\t\t\t<section class=\"elementor-section elementor-inner-section elementor-element elementor-element-26b5316 elementor-section-boxed elementor-section-height-default elementor-section-height-default\" data-id=\"26b5316\" data-element_type=\"section\">\n\t\t\t\t\t\t<div class=\"elementor-container elementor-column-gap-default\">\n\t\t\t\t\t<div class=\"elementor-column elementor-col-50 elementor-inner-column elementor-element elementor-element-7ba21d7\" data-id=\"7ba21d7\" data-element_type=\"column\">\n\t\t\t<div class=\"elementor-widget-wrap elementor-element-populated\">\n\t\t\t\t\t\t<div class=\"elementor-element elementor-element-547ad21 elementor-widget__width-initial elementor-widget elementor-widget-image\" data-id=\"547ad21\" data-element_type=\"widget\" data-widget_type=\"image.default\">\n\t\t\t\t<div class=\"elementor-widget-container\">\n\t\t\t\t\t\t\t\t\t\t\t\t\t<img loading=\"lazy\" decoding=\"async\" width=\"512\" height=\"512\" src=\"https:\/\/sanigolf.dsoft.dev\/wp-content\/uploads\/2023\/07\/soap-azul.png\" class=\"attachment-large size-large wp-image-189\" alt=\"\" srcset=\"https:\/\/sanigolf.dsoft.dev\/wp-content\/uploads\/2023\/07\/soap-azul.png 512w, https:\/\/sanigolf.dsoft.dev\/wp-content\/uploads\/2023\/07\/soap-azul-300x300.png 300w, https:\/\/sanigolf.dsoft.dev\/wp-content\/uploads\/2023\/07\/soap-azul-150x150.png 150w\" sizes=\"(max-width: 512px) 100vw, 512px\" \/>\t\t\t\t\t\t\t\t\t\t\t\t\t<\/div>\n\t\t\t\t<\/div>\n\t\t\t\t<div class=\"elementor-element elementor-element-4d8f4ec elementor-widget__width-initial elementor-widget elementor-widget-heading\" data-id=\"4d8f4ec\" data-element_type=\"widget\" data-widget_type=\"heading.default\">\n\t\t\t\t<div class=\"elementor-widget-container\">\n\t\t\t<h2 class=\"elementor-heading-title elementor-size-default\">Jab\u00f3n\n\n<\/h2>\t\t<\/div>\n\t\t\t\t<\/div>\n\t\t\t\t\t<\/div>\n\t\t<\/div>\n\t\t\t\t<div class=\"elementor-column elementor-col-50 elementor-inner-column elementor-element elementor-element-75d9b0d\" data-id=\"75d9b0d\" data-element_type=\"column\">\n\t\t\t<div class=\"elementor-widget-wrap elementor-element-populated\">\n\t\t\t\t\t\t<div class=\"elementor-element elementor-element-259d283 elementor-widget__width-initial elementor-widget elementor-widget-image\" data-id=\"259d283\" data-element_type=\"widget\" data-widget_type=\"image.default\">\n\t\t\t\t<div class=\"elementor-widget-container\">\n\t\t\t\t\t\t\t\t\t\t\t\t\t<img loading=\"lazy\" decoding=\"async\" width=\"512\" height=\"512\" src=\"https:\/\/sanigolf.dsoft.dev\/wp-content\/uploads\/2023\/07\/flush.png\" class=\"attachment-large size-large wp-image-182\" alt=\"\" srcset=\"https:\/\/sanigolf.dsoft.dev\/wp-content\/uploads\/2023\/07\/flush.png 512w, https:\/\/sanigolf.dsoft.dev\/wp-content\/uploads\/2023\/07\/flush-300x300.png 300w, https:\/\/sanigolf.dsoft.dev\/wp-content\/uploads\/2023\/07\/flush-150x150.png 150w\" sizes=\"(max-width: 512px) 100vw, 512px\" \/>\t\t\t\t\t\t\t\t\t\t\t\t\t<\/div>\n\t\t\t\t<\/div>\n\t\t\t\t<div class=\"elementor-element elementor-element-d2ea8d0 elementor-widget__width-initial elementor-widget elementor-widget-heading\" data-id=\"d2ea8d0\" data-element_type=\"widget\" data-widget_type=\"heading.default\">\n\t\t\t\t<div class=\"elementor-widget-container\">\n\t\t\t<h2 class=\"elementor-heading-title elementor-size-default\">Sistema Flush\n<\/h2>\t\t<\/div>\n\t\t\t\t<\/div>\n\t\t\t\t\t<\/div>\n\t\t<\/div>\n\t\t\t\t\t<\/div>\n\t\t<\/section>\n\t\t\t\t<div class=\"elementor-element elementor-element-7952745 elementor-widget__width-initial elementor-widget elementor-widget-shortcode\" data-id=\"7952745\" data-element_type=\"widget\" data-widget_type=\"shortcode.default\">\n\t\t\t\t<div class=\"elementor-widget-container\">\n\t\t\t\t\t<div class=\"elementor-shortcode\">\n<table id=\"tablepress-5\" class=\"tablepress tablepress-id-5\">\n<thead>\n<tr class=\"row-1 odd\">\n\t<th class=\"column-1\">Especificaciones<\/th><th class=\"column-2\">Medida<\/th>\n<\/tr>\n<\/thead>\n<tbody class=\"row-hover\">\n<tr class=\"row-2 even\">\n\t<td class=\"column-1\">Largo<\/td><td class=\"column-2\">1.82 m<\/td>\n<\/tr>\n<tr class=\"row-3 odd\">\n\t<td class=\"column-1\">Ancho<\/td><td class=\"column-2\">1.22 m<\/td>\n<\/tr>\n<tr class=\"row-4 even\">\n\t<td class=\"column-1\">Alto<\/td><td class=\"column-2\">45 m<\/td>\n<\/tr>\n<\/tbody>\n<\/table>\n<!-- #tablepress-5 from cache --><\/div>\n\t\t\t\t<\/div>\n\t\t\t\t<\/div>\n\t\t\t\t\t<\/div>\n\t\t<\/div>\n\t\t\t\t\t<\/div>\n\t\t<\/section>\n\t\t\t\t<\/div>\n\t\t","protected":false},"excerpt":{"rendered":"<p>Sanitario para Discapacitados \u201cDropar\u201d Caracter\u00edsticas: Fabricada en pl\u00e1stico reforzado con capacidad de 1000 lts. 4 Lavamanos Servilletas Jab\u00f3n Sistema Flush<\/p>\n","protected":false},"author":1,"featured_media":0,"parent":0,"menu_order":0,"comment_status":"closed","ping_status":"closed","template":"elementor_header_footer","meta":{"_joinchat":[],"footnotes":""},"class_list":["post-242","page","type-page","status-publish","hentry"],"_links":{"self":[{"href":"https:\/\/sanigolf.dsoft.dev\/index.php\/wp-json\/wp\/v2\/pages\/242"}],"collection":[{"href":"https:\/\/sanigolf.dsoft.dev\/index.php\/wp-json\/wp\/v2\/pages"}],"about":[{"href":"https:\/\/sanigolf.dsoft.dev\/index.php\/wp-json\/wp\/v2\/types\/page"}],"author":[{"embeddable":true,"href":"https:\/\/sanigolf.dsoft.dev\/index.php\/wp-json\/wp\/v2\/users\/1"}],"replies":[{"embeddable":true,"href":"https:\/\/sanigolf.dsoft.dev\/index.php\/wp-json\/wp\/v2\/comments?post=242"}],"version-history":[{"count":19,"href":"https:\/\/sanigolf.dsoft.dev\/index.php\/wp-json\/wp\/v2\/pages\/242\/revisions"}],"predecessor-version":[{"id":649,"href":"https:\/\/sanigolf.dsoft.dev\/index.php\/wp-json\/wp\/v2\/pages\/242\/revisions\/649"}],"wp:attachment":[{"href":"https:\/\/sanigolf.dsoft.dev\/index.php\/wp-json\/wp\/v2\/media?parent=242"}],"curies":[{"name":"wp","href":"https:\/\/api.w.org\/{rel}","templated":true}]}}